{"id":4537,"date":"2016-04-18T14:26:55","date_gmt":"2016-04-18T19:26:55","guid":{"rendered":"http:\/\/futbolhoy.co\/index.php\/historia-seleccion-colombia\/"},"modified":"2016-04-18T14:26:55","modified_gmt":"2016-04-18T19:26:55","slug":"historia-seleccion-colombia","status":"publish","type":"page","link":"https:\/\/futbolhoy.co\/index.php\/historia-seleccion-colombia\/","title":{"rendered":"Historia Selecci\u00f3n Colombia"},"content":{"rendered":"<p><img fetchpriority=\"high\" decoding=\"async\" class=\" size-full wp-image-4533\" alt=\"historia1990.jpg\" src=\"http:\/\/futbolhoy.co\/wp-content\/uploads\/2016\/04\/historia1990.jpg\" style=\"float:left; height:198px; margin-left:10px; margin-right:10px; width:340px\" width=\"340\" height=\"198\" srcset=\"https:\/\/futbolhoy.co\/wp-content\/uploads\/2016\/04\/historia1990.jpg 340w, https:\/\/futbolhoy.co\/wp-content\/uploads\/2016\/04\/historia1990-300x175.jpg 300w, https:\/\/futbolhoy.co\/wp-content\/uploads\/2016\/04\/historia1990-128x75.jpg 128w, https:\/\/futbolhoy.co\/wp-content\/uploads\/2016\/04\/historia1990-32x19.jpg 32w\" sizes=\"(max-width: 340px) 100vw, 340px\" \/><strong>Mundial 1990<\/strong><\/p>\n<p>El f\u00fatbol en Colombia es el deporte m\u00e1s popular del pa\u00eds, m\u00e1s no es considerado el deporte nacional.1 Esto se debe en buena parte al gran cubrimiento medi\u00e1tico, a la popularidad de sus principales equipos, a las diversas participaciones en torneos internacionales con algunos triunfos, y a las generaciones de futbolistas que llevaron a la Selecci\u00f3n Colombia de mayores a cinco mundiales.<\/p>\n<p>Su m\u00e1ximo logro internacional fue el t\u00edtulo obtenido en la Copa Am\u00e9rica 2001 realizada en Colombia (siendo campe\u00f3n invicto durante todos los partidos del campeonato y sin recibir goles en contra). Gracias a ello, el equipo disput\u00f3 la Copa&nbsp;<\/p>\n<p>&nbsp;<\/p>\n<p><img decoding=\"async\" class=\" size-full wp-image-4534\" alt=\"historia1994.jpg\" src=\"http:\/\/futbolhoy.co\/wp-content\/uploads\/2016\/04\/historia1994.jpg\" style=\"float:left; height:198px; margin-left:10px; margin-right:10px; width:340px\" width=\"340\" height=\"198\" srcset=\"https:\/\/futbolhoy.co\/wp-content\/uploads\/2016\/04\/historia1994.jpg 340w, https:\/\/futbolhoy.co\/wp-content\/uploads\/2016\/04\/historia1994-300x175.jpg 300w, https:\/\/futbolhoy.co\/wp-content\/uploads\/2016\/04\/historia1994-128x75.jpg 128w, https:\/\/futbolhoy.co\/wp-content\/uploads\/2016\/04\/historia1994-32x19.jpg 32w\" sizes=\"(max-width: 340px) 100vw, 340px\" \/><\/p>\n<p><strong>Mundial 1994<\/strong><\/p>\n<p>El f\u00fatbol en Colombia es el deporte m\u00e1s popular del pa\u00eds, m\u00e1s no es considerado el deporte nacional.1 Esto se debe en buena parte al gran cubrimiento medi\u00e1tico, a la popularidad de sus principales equipos, a las diversas participaciones en torneos internacionales con algunos triunfos, y a las generaciones de futbolistas que llevaron a la Selecci\u00f3n Colombia de mayores a cinco mundiales.<\/p>\n<p>Su m\u00e1ximo logro internacional fue el t\u00edtulo obtenido en la Copa Am\u00e9rica 2001 realizada en Colombia (siendo campe\u00f3n invicto durante todos los partidos del campeonato y sin recibir goles en contra). Gracias a ello, el equipo disput\u00f3 la Copa&nbsp;<\/p>\n<p>&nbsp;<\/p>\n<p><img decoding=\"async\" class=\" size-full wp-image-4535\" alt=\"historia1998.jpg\" src=\"http:\/\/futbolhoy.co\/wp-content\/uploads\/2016\/04\/historia1998.jpg\" style=\"float:left; height:198px; margin-left:10px; margin-right:10px; width:340px\" width=\"340\" height=\"198\" srcset=\"https:\/\/futbolhoy.co\/wp-content\/uploads\/2016\/04\/historia1998.jpg 340w, https:\/\/futbolhoy.co\/wp-content\/uploads\/2016\/04\/historia1998-300x175.jpg 300w, https:\/\/futbolhoy.co\/wp-content\/uploads\/2016\/04\/historia1998-128x75.jpg 128w, https:\/\/futbolhoy.co\/wp-content\/uploads\/2016\/04\/historia1998-32x19.jpg 32w\" sizes=\"(max-width: 340px) 100vw, 340px\" \/><\/p>\n<p><strong>Mundial 1990<\/strong><\/p>\n<p>El f\u00fatbol en Colombia es el deporte m\u00e1s popular del pa\u00eds, m\u00e1s no es considerado el deporte nacional.1 Esto se debe en buena parte al gran cubrimiento medi\u00e1tico, a la popularidad de sus principales equipos, a las diversas participaciones en torneos internacionales con algunos triunfos, y a las generaciones de futbolistas que llevaron a la Selecci\u00f3n Colombia de mayores a cinco mundiales.<\/p>\n<p>Su m\u00e1ximo logro internacional fue el t\u00edtulo obtenido en la Copa Am\u00e9rica 2001 realizada en Colombia (siendo campe\u00f3n invicto durante todos los partidos del campeonato y sin recibir goles en contra). Gracias a ello, el equipo disput\u00f3 la Copa&nbsp;<\/p>\n<p>&nbsp;<\/p>\n<p><img loading=\"lazy\" decoding=\"async\" class=\" size-full wp-image-4536\" alt=\"historia2014.jpg\" src=\"http:\/\/futbolhoy.co\/wp-content\/uploads\/2016\/04\/historia2014.jpg\" style=\"float:left; height:198px; margin-left:10px; margin-right:10px; width:340px\" width=\"340\" height=\"198\" srcset=\"https:\/\/futbolhoy.co\/wp-content\/uploads\/2016\/04\/historia2014.jpg 340w, https:\/\/futbolhoy.co\/wp-content\/uploads\/2016\/04\/historia2014-300x175.jpg 300w, https:\/\/futbolhoy.co\/wp-content\/uploads\/2016\/04\/historia2014-128x75.jpg 128w, https:\/\/futbolhoy.co\/wp-content\/uploads\/2016\/04\/historia2014-32x19.jpg 32w\" sizes=\"(max-width: 340px) 100vw, 340px\" \/><\/p>\n<p><strong>Mundial 2014<\/strong><\/p>\n<p>El f\u00fatbol en Colombia es el deporte m\u00e1s popular del pa\u00eds, m\u00e1s no es considerado el deporte nacional.1 Esto se debe en buena parte al gran cubrimiento medi\u00e1tico, a la popularidad de sus principales equipos, a las diversas participaciones en torneos internacionales con algunos triunfos, y a las generaciones de futbolistas que llevaron a la Selecci\u00f3n Colombia de mayores a cinco mundiales.<\/p>\n<p>Su m\u00e1ximo logro internacional fue el t\u00edtulo obtenido en la Copa Am\u00e9rica 2001 realizada en Colombia (siendo campe\u00f3n invicto durante todos los partidos del campeonato y sin recibir goles en contra). Gracias a ello, el equipo disput\u00f3 la Copa&nbsp;<\/p>\n<p>&nbsp;<\/p>\n<p>&nbsp;<\/p>\n<p>&nbsp;<\/p>\n<p>&nbsp;<\/p>\n","protected":false},"excerpt":{"rendered":"<p>Mundial 1990 El f\u00fatbol en Colombia es el deporte m\u00e1s popular del pa\u00eds, m\u00e1s no es considerado el deporte nacional.1 Esto se debe en buena parte al gran cubrimiento medi\u00e1tico, a la popularidad de sus principales equipos, a las diversas participaciones en torneos internacionales con algunos triunfos, y a las generaciones de futbolistas que llevaron [&hellip;]<\/p>\n","protected":false},"author":1,"featured_media":4532,"parent":0,"menu_order":0,"comment_status":"closed","ping_status":"closed","template":"","meta":{"_acf_changed":false,"footnotes":""},"class_list":["post-4537","page","type-page","status-publish","has-post-thumbnail"],"acf":[],"yoast_head":"<!-- This site is optimized with the Yoast SEO plugin v26.8 - https:\/\/yoast.com\/product\/yoast-seo-wordpress\/ -->\n<title>Historia Selecci\u00f3n Colombia -<\/title>\n<meta name=\"robots\" content=\"index, follow, max-snippet:-1, max-image-preview:large, max-video-preview:-1\" \/>\n<link rel=\"canonical\" href=\"https:\/\/futbolhoy.co\/index.php\/historia-seleccion-colombia\/\" \/>\n<meta property=\"og:locale\" content=\"es_ES\" \/>\n<meta property=\"og:type\" content=\"article\" \/>\n<meta property=\"og:title\" content=\"Historia Selecci\u00f3n Colombia -\" \/>\n<meta property=\"og:description\" content=\"Mundial 1990 El f\u00fatbol en Colombia es el deporte m\u00e1s popular del pa\u00eds, m\u00e1s no es considerado el deporte nacional.1 Esto se debe en buena parte al gran cubrimiento medi\u00e1tico, a la popularidad de sus principales equipos, a las diversas participaciones en torneos internacionales con algunos triunfos, y a las generaciones de futbolistas que llevaron [&hellip;]\" \/>\n<meta property=\"og:url\" content=\"https:\/\/futbolhoy.co\/index.php\/historia-seleccion-colombia\/\" \/>\n<meta property=\"article:publisher\" content=\"https:\/\/www.facebook.com\/FutbolHoyCol\/\" \/>\n<meta property=\"og:image\" content=\"https:\/\/futbolhoy.co\/wp-content\/uploads\/2016\/07\/familia-mil-ali-3.jpg\" \/>\n\t<meta property=\"og:image:width\" content=\"670\" \/>\n\t<meta property=\"og:image:height\" content=\"380\" \/>\n\t<meta property=\"og:image:type\" content=\"image\/jpeg\" \/>\n<meta name=\"twitter:card\" content=\"summary_large_image\" \/>\n<meta name=\"twitter:site\" content=\"@FutbolHoyCol\" \/>\n<meta name=\"twitter:label1\" content=\"Tiempo de lectura\" \/>\n\t<meta name=\"twitter:data1\" content=\"2 minutos\" \/>\n<script type=\"application\/ld+json\" class=\"yoast-schema-graph\">{\"@context\":\"https:\/\/schema.org\",\"@graph\":[{\"@type\":\"WebPage\",\"@id\":\"https:\/\/futbolhoy.co\/index.php\/historia-seleccion-colombia\/\",\"url\":\"https:\/\/futbolhoy.co\/index.php\/historia-seleccion-colombia\/\",\"name\":\"Historia Selecci\u00f3n Colombia -\",\"isPartOf\":{\"@id\":\"https:\/\/futbolhoy.co\/#website\"},\"primaryImageOfPage\":{\"@id\":\"https:\/\/futbolhoy.co\/index.php\/historia-seleccion-colombia\/#primaryimage\"},\"image\":{\"@id\":\"https:\/\/futbolhoy.co\/index.php\/historia-seleccion-colombia\/#primaryimage\"},\"thumbnailUrl\":\"https:\/\/futbolhoy.co\/wp-content\/uploads\/2016\/07\/familia-mil-ali-3.jpg\",\"datePublished\":\"2016-04-18T19:26:55+00:00\",\"breadcrumb\":{\"@id\":\"https:\/\/futbolhoy.co\/index.php\/historia-seleccion-colombia\/#breadcrumb\"},\"inLanguage\":\"es\",\"potentialAction\":[{\"@type\":\"ReadAction\",\"target\":[\"https:\/\/futbolhoy.co\/index.php\/historia-seleccion-colombia\/\"]}]},{\"@type\":\"ImageObject\",\"inLanguage\":\"es\",\"@id\":\"https:\/\/futbolhoy.co\/index.php\/historia-seleccion-colombia\/#primaryimage\",\"url\":\"https:\/\/futbolhoy.co\/wp-content\/uploads\/2016\/07\/familia-mil-ali-3.jpg\",\"contentUrl\":\"https:\/\/futbolhoy.co\/wp-content\/uploads\/2016\/07\/familia-mil-ali-3.jpg\",\"width\":670,\"height\":380,\"caption\":\"familia-mil-ali-3.jpg\"},{\"@type\":\"BreadcrumbList\",\"@id\":\"https:\/\/futbolhoy.co\/index.php\/historia-seleccion-colombia\/#breadcrumb\",\"itemListElement\":[{\"@type\":\"ListItem\",\"position\":1,\"name\":\"Portada\",\"item\":\"https:\/\/futbolhoy.co\/\"},{\"@type\":\"ListItem\",\"position\":2,\"name\":\"Historia Selecci\u00f3n Colombia\"}]},{\"@type\":\"WebSite\",\"@id\":\"https:\/\/futbolhoy.co\/#website\",\"url\":\"https:\/\/futbolhoy.co\/\",\"name\":\"FutbolHoy\",\"description\":\"\",\"publisher\":{\"@id\":\"https:\/\/futbolhoy.co\/#organization\"},\"potentialAction\":[{\"@type\":\"SearchAction\",\"target\":{\"@type\":\"EntryPoint\",\"urlTemplate\":\"https:\/\/futbolhoy.co\/?s={search_term_string}\"},\"query-input\":{\"@type\":\"PropertyValueSpecification\",\"valueRequired\":true,\"valueName\":\"search_term_string\"}}],\"inLanguage\":\"es\"},{\"@type\":\"Organization\",\"@id\":\"https:\/\/futbolhoy.co\/#organization\",\"name\":\"Futbolhoy.co\",\"url\":\"https:\/\/futbolhoy.co\/\",\"logo\":{\"@type\":\"ImageObject\",\"inLanguage\":\"es\",\"@id\":\"https:\/\/futbolhoy.co\/#\/schema\/logo\/image\/\",\"url\":\"https:\/\/futbolhoy.co\/wp-content\/uploads\/2018\/08\/17426380_1906371736249227_6326180412931521141_n.jpg\",\"contentUrl\":\"https:\/\/futbolhoy.co\/wp-content\/uploads\/2018\/08\/17426380_1906371736249227_6326180412931521141_n.jpg\",\"width\":960,\"height\":960,\"caption\":\"Futbolhoy.co\"},\"image\":{\"@id\":\"https:\/\/futbolhoy.co\/#\/schema\/logo\/image\/\"},\"sameAs\":[\"https:\/\/www.facebook.com\/FutbolHoyCol\/\",\"https:\/\/x.com\/FutbolHoyCol\",\"https:\/\/www.instagram.com\/futbolhoycol\/\"]}]}<\/script>\n<!-- \/ Yoast SEO plugin. -->","yoast_head_json":{"title":"Historia Selecci\u00f3n Colombia -","robots":{"index":"index","follow":"follow","max-snippet":"max-snippet:-1","max-image-preview":"max-image-preview:large","max-video-preview":"max-video-preview:-1"},"canonical":"https:\/\/futbolhoy.co\/index.php\/historia-seleccion-colombia\/","og_locale":"es_ES","og_type":"article","og_title":"Historia Selecci\u00f3n Colombia -","og_description":"Mundial 1990 El f\u00fatbol en Colombia es el deporte m\u00e1s popular del pa\u00eds, m\u00e1s no es considerado el deporte nacional.1 Esto se debe en buena parte al gran cubrimiento medi\u00e1tico, a la popularidad de sus principales equipos, a las diversas participaciones en torneos internacionales con algunos triunfos, y a las generaciones de futbolistas que llevaron [&hellip;]","og_url":"https:\/\/futbolhoy.co\/index.php\/historia-seleccion-colombia\/","article_publisher":"https:\/\/www.facebook.com\/FutbolHoyCol\/","og_image":[{"width":670,"height":380,"url":"https:\/\/futbolhoy.co\/wp-content\/uploads\/2016\/07\/familia-mil-ali-3.jpg","type":"image\/jpeg"}],"twitter_card":"summary_large_image","twitter_site":"@FutbolHoyCol","twitter_misc":{"Tiempo de lectura":"2 minutos"},"schema":{"@context":"https:\/\/schema.org","@graph":[{"@type":"WebPage","@id":"https:\/\/futbolhoy.co\/index.php\/historia-seleccion-colombia\/","url":"https:\/\/futbolhoy.co\/index.php\/historia-seleccion-colombia\/","name":"Historia Selecci\u00f3n Colombia -","isPartOf":{"@id":"https:\/\/futbolhoy.co\/#website"},"primaryImageOfPage":{"@id":"https:\/\/futbolhoy.co\/index.php\/historia-seleccion-colombia\/#primaryimage"},"image":{"@id":"https:\/\/futbolhoy.co\/index.php\/historia-seleccion-colombia\/#primaryimage"},"thumbnailUrl":"https:\/\/futbolhoy.co\/wp-content\/uploads\/2016\/07\/familia-mil-ali-3.jpg","datePublished":"2016-04-18T19:26:55+00:00","breadcrumb":{"@id":"https:\/\/futbolhoy.co\/index.php\/historia-seleccion-colombia\/#breadcrumb"},"inLanguage":"es","potentialAction":[{"@type":"ReadAction","target":["https:\/\/futbolhoy.co\/index.php\/historia-seleccion-colombia\/"]}]},{"@type":"ImageObject","inLanguage":"es","@id":"https:\/\/futbolhoy.co\/index.php\/historia-seleccion-colombia\/#primaryimage","url":"https:\/\/futbolhoy.co\/wp-content\/uploads\/2016\/07\/familia-mil-ali-3.jpg","contentUrl":"https:\/\/futbolhoy.co\/wp-content\/uploads\/2016\/07\/familia-mil-ali-3.jpg","width":670,"height":380,"caption":"familia-mil-ali-3.jpg"},{"@type":"BreadcrumbList","@id":"https:\/\/futbolhoy.co\/index.php\/historia-seleccion-colombia\/#breadcrumb","itemListElement":[{"@type":"ListItem","position":1,"name":"Portada","item":"https:\/\/futbolhoy.co\/"},{"@type":"ListItem","position":2,"name":"Historia Selecci\u00f3n Colombia"}]},{"@type":"WebSite","@id":"https:\/\/futbolhoy.co\/#website","url":"https:\/\/futbolhoy.co\/","name":"FutbolHoy","description":"","publisher":{"@id":"https:\/\/futbolhoy.co\/#organization"},"potentialAction":[{"@type":"SearchAction","target":{"@type":"EntryPoint","urlTemplate":"https:\/\/futbolhoy.co\/?s={search_term_string}"},"query-input":{"@type":"PropertyValueSpecification","valueRequired":true,"valueName":"search_term_string"}}],"inLanguage":"es"},{"@type":"Organization","@id":"https:\/\/futbolhoy.co\/#organization","name":"Futbolhoy.co","url":"https:\/\/futbolhoy.co\/","logo":{"@type":"ImageObject","inLanguage":"es","@id":"https:\/\/futbolhoy.co\/#\/schema\/logo\/image\/","url":"https:\/\/futbolhoy.co\/wp-content\/uploads\/2018\/08\/17426380_1906371736249227_6326180412931521141_n.jpg","contentUrl":"https:\/\/futbolhoy.co\/wp-content\/uploads\/2018\/08\/17426380_1906371736249227_6326180412931521141_n.jpg","width":960,"height":960,"caption":"Futbolhoy.co"},"image":{"@id":"https:\/\/futbolhoy.co\/#\/schema\/logo\/image\/"},"sameAs":["https:\/\/www.facebook.com\/FutbolHoyCol\/","https:\/\/x.com\/FutbolHoyCol","https:\/\/www.instagram.com\/futbolhoycol\/"]}]}},"publishpress_future_action":{"enabled":false,"date":"2026-04-26 08:30:11","action":"change-status","newStatus":"draft","terms":[],"taxonomy":"","extraData":[]},"publishpress_future_workflow_manual_trigger":{"enabledWorkflows":[]},"_links":{"self":[{"href":"https:\/\/futbolhoy.co\/index.php\/wp-json\/wp\/v2\/pages\/4537","targetHints":{"allow":["GET"]}}],"collection":[{"href":"https:\/\/futbolhoy.co\/index.php\/wp-json\/wp\/v2\/pages"}],"about":[{"href":"https:\/\/futbolhoy.co\/index.php\/wp-json\/wp\/v2\/types\/page"}],"author":[{"embeddable":true,"href":"https:\/\/futbolhoy.co\/index.php\/wp-json\/wp\/v2\/users\/1"}],"replies":[{"embeddable":true,"href":"https:\/\/futbolhoy.co\/index.php\/wp-json\/wp\/v2\/comments?post=4537"}],"version-history":[{"count":1,"href":"https:\/\/futbolhoy.co\/index.php\/wp-json\/wp\/v2\/pages\/4537\/revisions"}],"predecessor-version":[{"id":46850,"href":"https:\/\/futbolhoy.co\/index.php\/wp-json\/wp\/v2\/pages\/4537\/revisions\/46850"}],"wp:featuredmedia":[{"embeddable":true,"href":"https:\/\/futbolhoy.co\/index.php\/wp-json\/wp\/v2\/media\/4532"}],"wp:attachment":[{"href":"https:\/\/futbolhoy.co\/index.php\/wp-json\/wp\/v2\/media?parent=4537"}],"curies":[{"name":"wp","href":"https:\/\/api.w.org\/{rel}","templated":true}]}}