{"id":4565,"date":"2016-04-25T17:07:07","date_gmt":"2016-04-25T22:07:07","guid":{"rendered":"http:\/\/futbolhoy.co\/index.php\/historia-de-la-seleccion-paraguaya\/"},"modified":"2016-04-25T17:07:07","modified_gmt":"2016-04-25T22:07:07","slug":"historia-de-la-seleccion-paraguaya","status":"publish","type":"page","link":"https:\/\/futbolhoy.co\/index.php\/historia-de-la-seleccion-paraguaya\/","title":{"rendered":"Historia de la Selecci\u00f3n Paraguaya"},"content":{"rendered":"<p><img decoding=\"async\" class=\" size-full wp-image-4564\" alt=\"historia-paraguay.jpg\" src=\"http:\/\/futbolhoy.co\/wp-content\/uploads\/2016\/04\/historia-paraguay.jpg\" style=\"float:left; height:138px; margin-left:10px; margin-right:10px; width:216px\" width=\"216\" height=\"138\" srcset=\"https:\/\/futbolhoy.co\/wp-content\/uploads\/2016\/04\/historia-paraguay.jpg 216w, https:\/\/futbolhoy.co\/wp-content\/uploads\/2016\/04\/historia-paraguay-128x82.jpg 128w, https:\/\/futbolhoy.co\/wp-content\/uploads\/2016\/04\/historia-paraguay-32x20.jpg 32w\" sizes=\"(max-width: 216px) 100vw, 216px\" \/>A la llegada de los conquistadores europeos espa\u00f1oles el territorio del Paraguay Oriental, es decir el \u00e1rea ubicada entre el&nbsp;<a href=\"https:\/\/es.wikipedia.org\/wiki\/R%C3%ADo_Paran%C3%A1\" style=\"text-decoration: none; color: rgb(11, 0, 128); background-image: none; font-family: sans-serif; font-size: 14px;\" title=\"R\u00edo Paran\u00e1\">r\u00edo Paran\u00e1<\/a>&nbsp;al este y el&nbsp;<a href=\"https:\/\/es.wikipedia.org\/wiki\/R%C3%ADo_Paraguay\" style=\"text-decoration: none; color: rgb(11, 0, 128); background-image: none; font-family: sans-serif; font-size: 14px;\" title=\"R\u00edo Paraguay\">r\u00edo Paraguay<\/a>&nbsp;al oeste, se encontraba habitado por diversas etnias indoamericanas que se encontraban en estado de guerra entre ellas; estas etnias pertenec\u00edan a tres conjuntos diferentes: los&nbsp;<a href=\"https:\/\/es.wikipedia.org\/wiki\/P%C3%A1mpidos\" style=\"text-decoration: none; color: rgb(11, 0, 128); background-image: none; font-family: sans-serif; font-size: 14px;\" title=\"P\u00e1mpidos\">p\u00e1mpidos<\/a>, los&nbsp;<a class=\"new\" href=\"https:\/\/es.wikipedia.org\/w\/index.php?title=L%C3%A1gidos&amp;action=edit&amp;redlink=1\" style=\"text-decoration: none; color: rgb(165, 88, 88); background-image: none; font-family: sans-serif; font-size: 14px;\" title=\"L\u00e1gidos (a\u00fan no redactado)\">l\u00e1gidos<\/a>&nbsp;y los&nbsp;<a class=\"new\" href=\"https:\/\/es.wikipedia.org\/w\/index.php?title=Amaz%C3%B3nidos&amp;action=edit&amp;redlink=1\" style=\"text-decoration: none; color: rgb(165, 88, 88); background-image: none; font-family: sans-serif; font-size: 14px;\" title=\"Amaz\u00f3nidos (a\u00fan no redactado)\">amaz\u00f3nidos<\/a>. Ling\u00fc\u00edsticamente hab\u00eda tres grupos principales los&nbsp;<a href=\"https:\/\/es.wikipedia.org\/wiki\/Lenguas_mascoyanas\" style=\"text-decoration: none; color: rgb(11, 0, 128); background-image: none; font-family: sans-serif; font-size: 14px;\" title=\"Lenguas mascoyanas\">pueblos mascoyanos<\/a>, los&nbsp;<a href=\"https:\/\/es.wikipedia.org\/wiki\/Lenguas_mataco-guaicur%C3%BA\" style=\"text-decoration: none; color: rgb(11, 0, 128); background-image: none; font-family: sans-serif; font-size: 14px;\" title=\"Lenguas mataco-guaicur\u00fa\">pueblos mataco-guaicur\u00fa<\/a>, los&nbsp;<a href=\"https:\/\/es.wikipedia.org\/wiki\/Lenguas_tup%C3%AD-guaran%C3%AD\" style=\"text-decoration: none; color: rgb(11, 0, 128); background-image: none; font-family: sans-serif; font-size: 14px;\" title=\"Lenguas tup\u00ed-guaran\u00ed\">pueblos tup\u00ed-guaran\u00edes<\/a>&nbsp;y algunos peque\u00f1os grupos de&nbsp;<a href=\"https:\/\/es.wikipedia.org\/wiki\/Lenguas_arawak_Paran%C3%A1-Mamor%C3%A9\" style=\"text-decoration: none; color: rgb(11, 0, 128); background-image: none; font-family: sans-serif; font-size: 14px;\" title=\"Lenguas arawak Paran\u00e1-Mamor\u00e9\">pueblos arawak<\/a>&nbsp;(como los&nbsp;<a href=\"https:\/\/es.wikipedia.org\/wiki\/Chan%C3%A9\" style=\"text-decoration: none; color: rgb(11, 0, 128); background-image: none; font-family: sans-serif; font-size: 14px;\" title=\"Chan\u00e9\">chan\u00e9<\/a>). A\u00fan no se sabe si los l\u00e1gidos fueron los primeros en ocupar el territorio, o si fueron precedidos por los p\u00e1mpidos. Lo documentado es que hacia el&nbsp;<a href=\"https:\/\/es.wikipedia.org\/wiki\/Siglo_XV\" style=\"text-decoration: none; color: rgb(11, 0, 128); background-image: none; font-family: sans-serif; font-size: 14px;\" title=\"Siglo XV\">siglo XV<\/a>los amaz\u00f3nidos&nbsp;<em><a class=\"mw-redirect\" href=\"https:\/\/es.wikipedia.org\/wiki\/Av%C3%A1\" style=\"text-decoration: none; color: rgb(11, 0, 128); background-image: none; background-position: initial initial; background-repeat: initial initial;\" title=\"Av\u00e1\">av\u00e1<\/a><\/em>&nbsp;conocidos com\u00fanmente como&nbsp;<a href=\"https:\/\/es.wikipedia.org\/wiki\/Guaran%C3%ADes\" style=\"text-decoration: none; color: rgb(11, 0, 128); background-image: none; font-family: sans-serif; font-size: 14px;\" title=\"Guaran\u00edes\">guaran\u00edes<\/a>&nbsp;lograron avanzar desde el norte y el este merced a su superioridad num\u00e9rica y a la posesi\u00f3n de una cultura material m\u00e1s desarrollada ya que practicaban la horticultura de&nbsp;<a class=\"mw-redirect\" href=\"https:\/\/es.wikipedia.org\/wiki\/Mandioca\" style=\"text-decoration: none; color: rgb(11, 0, 128); background-image: none; font-family: sans-serif; font-size: 14px;\" title=\"Mandioca\">mandioca<\/a>,&nbsp;<a class=\"mw-redirect\" href=\"https:\/\/es.wikipedia.org\/wiki\/Ma%C3%ADz\" style=\"text-decoration: none; color: rgb(11, 0, 128); background-image: none; font-family: sans-serif; font-size: 14px;\" title=\"Ma\u00edz\">ma\u00edz<\/a>&nbsp;y&nbsp;<a class=\"mw-redirect\" href=\"https:\/\/es.wikipedia.org\/wiki\/Man%C3%AD\" style=\"text-decoration: none; color: rgb(11, 0, 128); background-image: none; font-family: sans-serif; font-size: 14px;\" title=\"Man\u00ed\">man\u00ed<\/a>. La pr\u00e1ctica de una agricultura de&nbsp;<a href=\"https:\/\/es.wikipedia.org\/wiki\/Roza\" style=\"text-decoration: none; color: rgb(11, 0, 128); background-image: none; font-family: sans-serif; font-size: 14px;\" title=\"Roza\">roza<\/a>&nbsp;les permit\u00eda excedentes como para mantener a una poblaci\u00f3n en continuo aumento demogr\u00e1fico que requer\u00eda de nuevos territorios.<\/p>\n","protected":false},"excerpt":{"rendered":"<p>A la llegada de los conquistadores europeos espa\u00f1oles el territorio del Paraguay Oriental, es decir el \u00e1rea ubicada entre el&nbsp;r\u00edo Paran\u00e1&nbsp;al este y el&nbsp;r\u00edo Paraguay&nbsp;al oeste, se encontraba habitado por diversas etnias indoamericanas que se encontraban en estado de guerra entre ellas; estas etnias pertenec\u00edan a tres conjuntos diferentes: los&nbsp;p\u00e1mpidos, los&nbsp;l\u00e1gidos&nbsp;y los&nbsp;amaz\u00f3nidos. Ling\u00fc\u00edsticamente hab\u00eda tres [&hellip;]<\/p>\n","protected":false},"author":1,"featured_media":4563,"parent":0,"menu_order":0,"comment_status":"closed","ping_status":"closed","template":"","meta":{"_acf_changed":false,"footnotes":""},"class_list":["post-4565","page","type-page","status-publish","has-post-thumbnail"],"acf":[],"_links":{"self":[{"href":"https:\/\/futbolhoy.co\/index.php\/wp-json\/wp\/v2\/pages\/4565","targetHints":{"allow":["GET"]}}],"collection":[{"href":"https:\/\/futbolhoy.co\/index.php\/wp-json\/wp\/v2\/pages"}],"about":[{"href":"https:\/\/futbolhoy.co\/index.php\/wp-json\/wp\/v2\/types\/page"}],"author":[{"embeddable":true,"href":"https:\/\/futbolhoy.co\/index.php\/wp-json\/wp\/v2\/users\/1"}],"replies":[{"embeddable":true,"href":"https:\/\/futbolhoy.co\/index.php\/wp-json\/wp\/v2\/comments?post=4565"}],"version-history":[{"count":0,"href":"https:\/\/futbolhoy.co\/index.php\/wp-json\/wp\/v2\/pages\/4565\/revisions"}],"wp:featuredmedia":[{"embeddable":true,"href":"https:\/\/futbolhoy.co\/index.php\/wp-json\/wp\/v2\/media\/4563"}],"wp:attachment":[{"href":"https:\/\/futbolhoy.co\/index.php\/wp-json\/wp\/v2\/media?parent=4565"}],"curies":[{"name":"wp","href":"https:\/\/api.w.org\/{rel}","templated":true}]}}