{"id":4676,"date":"2017-01-11T19:27:55","date_gmt":"2017-01-12T00:27:55","guid":{"rendered":"http:\/\/futbolhoy.co\/index.php\/historia-del-deportivo-pasto\/"},"modified":"2017-01-11T19:27:55","modified_gmt":"2017-01-12T00:27:55","slug":"historia-del-deportivo-pasto","status":"publish","type":"page","link":"https:\/\/futbolhoy.co\/index.php\/historia-del-deportivo-pasto\/","title":{"rendered":"Historia del Deportivo Pasto"},"content":{"rendered":"<p><img fetchpriority=\"high\" decoding=\"async\" class=\" size-full wp-image-4674\" alt=\"equipo-pasto1_0.jpg\" src=\"http:\/\/futbolhoy.co\/wp-content\/uploads\/2017\/01\/equipo-pasto1_0.jpg\" style=\"float:left; height:188px; width:300px\" width=\"400\" height=\"251\" srcset=\"https:\/\/futbolhoy.co\/wp-content\/uploads\/2017\/01\/equipo-pasto1_0.jpg 400w, https:\/\/futbolhoy.co\/wp-content\/uploads\/2017\/01\/equipo-pasto1_0-300x188.jpg 300w, https:\/\/futbolhoy.co\/wp-content\/uploads\/2017\/01\/equipo-pasto1_0-128x80.jpg 128w, https:\/\/futbolhoy.co\/wp-content\/uploads\/2017\/01\/equipo-pasto1_0-32x20.jpg 32w\" sizes=\"(max-width: 400px) 100vw, 400px\" \/><\/p>\n<p><strong>Liga Aguila 2016-I<\/strong><\/p>\n<p><strong>Posici\u00f3n:&nbsp;<\/strong>Once<\/p>\n<p><strong>DT:&nbsp;<\/strong>&nbsp;Nestor Otero<\/p>\n<p><strong>Goleador:&nbsp;<\/strong>Luis Alfonso P\u00e1ez (12 Goles)<\/p>\n<p><strong>El que mas jug\u00f3:<\/strong>&nbsp;Pablo Andr\u00e9s Torresagasti (21 partidos)<\/p>\n<p>&nbsp;<\/p>\n<p><img decoding=\"async\" class=\" size-full wp-image-4675\" alt=\"pasto-equipo_0.jpg\" src=\"http:\/\/futbolhoy.co\/wp-content\/uploads\/2017\/01\/pasto-equipo_0.jpg\" style=\"float:left; height:188px; width:300px\" width=\"400\" height=\"251\" srcset=\"https:\/\/futbolhoy.co\/wp-content\/uploads\/2017\/01\/pasto-equipo_0.jpg 400w, https:\/\/futbolhoy.co\/wp-content\/uploads\/2017\/01\/pasto-equipo_0-300x188.jpg 300w, https:\/\/futbolhoy.co\/wp-content\/uploads\/2017\/01\/pasto-equipo_0-128x80.jpg 128w, https:\/\/futbolhoy.co\/wp-content\/uploads\/2017\/01\/pasto-equipo_0-32x20.jpg 32w\" sizes=\"(max-width: 400px) 100vw, 400px\" \/><strong>Liga Aguila 2016-II<\/strong><\/p>\n<p><strong>Posici\u00f3n:&nbsp;<\/strong>Diecis\u00e9is<\/p>\n<p><strong>DT:&nbsp;<\/strong>&nbsp;Nestor Otero<\/p>\n<p><strong>Goleador:&nbsp;<\/strong>Luis Alfonso P\u00e1ez (12 Goles)<\/p>\n<p><strong>El que mas jug\u00f3:<\/strong>&nbsp;Pablo Andr\u00e9s Torresagasti (21 partidos)<\/p>\n","protected":false},"excerpt":{"rendered":"<p>Liga Aguila 2016-I Posici\u00f3n:&nbsp;Once DT:&nbsp;&nbsp;Nestor Otero Goleador:&nbsp;Luis Alfonso P\u00e1ez (12 Goles) El que mas jug\u00f3:&nbsp;Pablo Andr\u00e9s Torresagasti (21 partidos) &nbsp; Liga Aguila 2016-II Posici\u00f3n:&nbsp;Diecis\u00e9is DT:&nbsp;&nbsp;Nestor Otero Goleador:&nbsp;Luis Alfonso P\u00e1ez (12 Goles) El que mas jug\u00f3:&nbsp;Pablo Andr\u00e9s Torresagasti (21 partidos)<\/p>\n","protected":false},"author":1,"featured_media":4673,"parent":0,"menu_order":0,"comment_status":"closed","ping_status":"closed","template":"","meta":{"_acf_changed":false,"footnotes":""},"class_list":["post-4676","page","type-page","status-publish","has-post-thumbnail"],"acf":[],"yoast_head":"<!-- This site is optimized with the Yoast SEO plugin v26.8 - https:\/\/yoast.com\/product\/yoast-seo-wordpress\/ -->\n<title>Historia del Deportivo Pasto -<\/title>\n<meta name=\"robots\" content=\"index, follow, max-snippet:-1, max-image-preview:large, max-video-preview:-1\" \/>\n<link rel=\"canonical\" href=\"https:\/\/futbolhoy.co\/index.php\/historia-del-deportivo-pasto\/\" \/>\n<meta property=\"og:locale\" content=\"es_ES\" \/>\n<meta property=\"og:type\" content=\"article\" \/>\n<meta property=\"og:title\" content=\"Historia del Deportivo Pasto -\" \/>\n<meta property=\"og:description\" content=\"Liga Aguila 2016-I Posici\u00f3n:&nbsp;Once DT:&nbsp;&nbsp;Nestor Otero Goleador:&nbsp;Luis Alfonso P\u00e1ez (12 Goles) El que mas jug\u00f3:&nbsp;Pablo Andr\u00e9s Torresagasti (21 partidos) &nbsp; Liga Aguila 2016-II Posici\u00f3n:&nbsp;Diecis\u00e9is DT:&nbsp;&nbsp;Nestor Otero Goleador:&nbsp;Luis Alfonso P\u00e1ez (12 Goles) El que mas jug\u00f3:&nbsp;Pablo Andr\u00e9s Torresagasti (21 partidos)\" \/>\n<meta property=\"og:url\" content=\"https:\/\/futbolhoy.co\/index.php\/historia-del-deportivo-pasto\/\" \/>\n<meta property=\"article:publisher\" content=\"https:\/\/www.facebook.com\/FutbolHoyCol\/\" \/>\n<meta property=\"og:image\" content=\"https:\/\/futbolhoy.co\/wp-content\/uploads\/2017\/01\/pasto-historia.jpg\" \/>\n\t<meta property=\"og:image:width\" content=\"216\" \/>\n\t<meta property=\"og:image:height\" content=\"138\" \/>\n\t<meta property=\"og:image:type\" content=\"image\/jpeg\" \/>\n<meta name=\"twitter:card\" content=\"summary_large_image\" \/>\n<meta name=\"twitter:site\" content=\"@FutbolHoyCol\" \/>\n<script type=\"application\/ld+json\" class=\"yoast-schema-graph\">{\"@context\":\"https:\/\/schema.org\",\"@graph\":[{\"@type\":\"WebPage\",\"@id\":\"https:\/\/futbolhoy.co\/index.php\/historia-del-deportivo-pasto\/\",\"url\":\"https:\/\/futbolhoy.co\/index.php\/historia-del-deportivo-pasto\/\",\"name\":\"Historia del Deportivo Pasto -\",\"isPartOf\":{\"@id\":\"https:\/\/futbolhoy.co\/#website\"},\"primaryImageOfPage\":{\"@id\":\"https:\/\/futbolhoy.co\/index.php\/historia-del-deportivo-pasto\/#primaryimage\"},\"image\":{\"@id\":\"https:\/\/futbolhoy.co\/index.php\/historia-del-deportivo-pasto\/#primaryimage\"},\"thumbnailUrl\":\"https:\/\/futbolhoy.co\/wp-content\/uploads\/2017\/01\/pasto-historia.jpg\",\"datePublished\":\"2017-01-12T00:27:55+00:00\",\"breadcrumb\":{\"@id\":\"https:\/\/futbolhoy.co\/index.php\/historia-del-deportivo-pasto\/#breadcrumb\"},\"inLanguage\":\"es\",\"potentialAction\":[{\"@type\":\"ReadAction\",\"target\":[\"https:\/\/futbolhoy.co\/index.php\/historia-del-deportivo-pasto\/\"]}]},{\"@type\":\"ImageObject\",\"inLanguage\":\"es\",\"@id\":\"https:\/\/futbolhoy.co\/index.php\/historia-del-deportivo-pasto\/#primaryimage\",\"url\":\"https:\/\/futbolhoy.co\/wp-content\/uploads\/2017\/01\/pasto-historia.jpg\",\"contentUrl\":\"https:\/\/futbolhoy.co\/wp-content\/uploads\/2017\/01\/pasto-historia.jpg\",\"width\":216,\"height\":138,\"caption\":\"pasto-historia.jpg\"},{\"@type\":\"BreadcrumbList\",\"@id\":\"https:\/\/futbolhoy.co\/index.php\/historia-del-deportivo-pasto\/#breadcrumb\",\"itemListElement\":[{\"@type\":\"ListItem\",\"position\":1,\"name\":\"Portada\",\"item\":\"https:\/\/futbolhoy.co\/\"},{\"@type\":\"ListItem\",\"position\":2,\"name\":\"Historia del Deportivo Pasto\"}]},{\"@type\":\"WebSite\",\"@id\":\"https:\/\/futbolhoy.co\/#website\",\"url\":\"https:\/\/futbolhoy.co\/\",\"name\":\"FutbolHoy\",\"description\":\"\",\"publisher\":{\"@id\":\"https:\/\/futbolhoy.co\/#organization\"},\"potentialAction\":[{\"@type\":\"SearchAction\",\"target\":{\"@type\":\"EntryPoint\",\"urlTemplate\":\"https:\/\/futbolhoy.co\/?s={search_term_string}\"},\"query-input\":{\"@type\":\"PropertyValueSpecification\",\"valueRequired\":true,\"valueName\":\"search_term_string\"}}],\"inLanguage\":\"es\"},{\"@type\":\"Organization\",\"@id\":\"https:\/\/futbolhoy.co\/#organization\",\"name\":\"Futbolhoy.co\",\"url\":\"https:\/\/futbolhoy.co\/\",\"logo\":{\"@type\":\"ImageObject\",\"inLanguage\":\"es\",\"@id\":\"https:\/\/futbolhoy.co\/#\/schema\/logo\/image\/\",\"url\":\"https:\/\/futbolhoy.co\/wp-content\/uploads\/2018\/08\/17426380_1906371736249227_6326180412931521141_n.jpg\",\"contentUrl\":\"https:\/\/futbolhoy.co\/wp-content\/uploads\/2018\/08\/17426380_1906371736249227_6326180412931521141_n.jpg\",\"width\":960,\"height\":960,\"caption\":\"Futbolhoy.co\"},\"image\":{\"@id\":\"https:\/\/futbolhoy.co\/#\/schema\/logo\/image\/\"},\"sameAs\":[\"https:\/\/www.facebook.com\/FutbolHoyCol\/\",\"https:\/\/x.com\/FutbolHoyCol\",\"https:\/\/www.instagram.com\/futbolhoycol\/\"]}]}<\/script>\n<!-- \/ Yoast SEO plugin. -->","yoast_head_json":{"title":"Historia del Deportivo Pasto -","robots":{"index":"index","follow":"follow","max-snippet":"max-snippet:-1","max-image-preview":"max-image-preview:large","max-video-preview":"max-video-preview:-1"},"canonical":"https:\/\/futbolhoy.co\/index.php\/historia-del-deportivo-pasto\/","og_locale":"es_ES","og_type":"article","og_title":"Historia del Deportivo Pasto -","og_description":"Liga Aguila 2016-I Posici\u00f3n:&nbsp;Once DT:&nbsp;&nbsp;Nestor Otero Goleador:&nbsp;Luis Alfonso P\u00e1ez (12 Goles) El que mas jug\u00f3:&nbsp;Pablo Andr\u00e9s Torresagasti (21 partidos) &nbsp; Liga Aguila 2016-II Posici\u00f3n:&nbsp;Diecis\u00e9is DT:&nbsp;&nbsp;Nestor Otero Goleador:&nbsp;Luis Alfonso P\u00e1ez (12 Goles) El que mas jug\u00f3:&nbsp;Pablo Andr\u00e9s Torresagasti (21 partidos)","og_url":"https:\/\/futbolhoy.co\/index.php\/historia-del-deportivo-pasto\/","article_publisher":"https:\/\/www.facebook.com\/FutbolHoyCol\/","og_image":[{"width":216,"height":138,"url":"https:\/\/futbolhoy.co\/wp-content\/uploads\/2017\/01\/pasto-historia.jpg","type":"image\/jpeg"}],"twitter_card":"summary_large_image","twitter_site":"@FutbolHoyCol","schema":{"@context":"https:\/\/schema.org","@graph":[{"@type":"WebPage","@id":"https:\/\/futbolhoy.co\/index.php\/historia-del-deportivo-pasto\/","url":"https:\/\/futbolhoy.co\/index.php\/historia-del-deportivo-pasto\/","name":"Historia del Deportivo Pasto -","isPartOf":{"@id":"https:\/\/futbolhoy.co\/#website"},"primaryImageOfPage":{"@id":"https:\/\/futbolhoy.co\/index.php\/historia-del-deportivo-pasto\/#primaryimage"},"image":{"@id":"https:\/\/futbolhoy.co\/index.php\/historia-del-deportivo-pasto\/#primaryimage"},"thumbnailUrl":"https:\/\/futbolhoy.co\/wp-content\/uploads\/2017\/01\/pasto-historia.jpg","datePublished":"2017-01-12T00:27:55+00:00","breadcrumb":{"@id":"https:\/\/futbolhoy.co\/index.php\/historia-del-deportivo-pasto\/#breadcrumb"},"inLanguage":"es","potentialAction":[{"@type":"ReadAction","target":["https:\/\/futbolhoy.co\/index.php\/historia-del-deportivo-pasto\/"]}]},{"@type":"ImageObject","inLanguage":"es","@id":"https:\/\/futbolhoy.co\/index.php\/historia-del-deportivo-pasto\/#primaryimage","url":"https:\/\/futbolhoy.co\/wp-content\/uploads\/2017\/01\/pasto-historia.jpg","contentUrl":"https:\/\/futbolhoy.co\/wp-content\/uploads\/2017\/01\/pasto-historia.jpg","width":216,"height":138,"caption":"pasto-historia.jpg"},{"@type":"BreadcrumbList","@id":"https:\/\/futbolhoy.co\/index.php\/historia-del-deportivo-pasto\/#breadcrumb","itemListElement":[{"@type":"ListItem","position":1,"name":"Portada","item":"https:\/\/futbolhoy.co\/"},{"@type":"ListItem","position":2,"name":"Historia del Deportivo Pasto"}]},{"@type":"WebSite","@id":"https:\/\/futbolhoy.co\/#website","url":"https:\/\/futbolhoy.co\/","name":"FutbolHoy","description":"","publisher":{"@id":"https:\/\/futbolhoy.co\/#organization"},"potentialAction":[{"@type":"SearchAction","target":{"@type":"EntryPoint","urlTemplate":"https:\/\/futbolhoy.co\/?s={search_term_string}"},"query-input":{"@type":"PropertyValueSpecification","valueRequired":true,"valueName":"search_term_string"}}],"inLanguage":"es"},{"@type":"Organization","@id":"https:\/\/futbolhoy.co\/#organization","name":"Futbolhoy.co","url":"https:\/\/futbolhoy.co\/","logo":{"@type":"ImageObject","inLanguage":"es","@id":"https:\/\/futbolhoy.co\/#\/schema\/logo\/image\/","url":"https:\/\/futbolhoy.co\/wp-content\/uploads\/2018\/08\/17426380_1906371736249227_6326180412931521141_n.jpg","contentUrl":"https:\/\/futbolhoy.co\/wp-content\/uploads\/2018\/08\/17426380_1906371736249227_6326180412931521141_n.jpg","width":960,"height":960,"caption":"Futbolhoy.co"},"image":{"@id":"https:\/\/futbolhoy.co\/#\/schema\/logo\/image\/"},"sameAs":["https:\/\/www.facebook.com\/FutbolHoyCol\/","https:\/\/x.com\/FutbolHoyCol","https:\/\/www.instagram.com\/futbolhoycol\/"]}]}},"publishpress_future_action":{"enabled":false,"date":"2026-04-12 01:49:48","action":"change-status","newStatus":"draft","terms":[],"taxonomy":"","extraData":[]},"publishpress_future_workflow_manual_trigger":{"enabledWorkflows":[]},"_links":{"self":[{"href":"https:\/\/futbolhoy.co\/index.php\/wp-json\/wp\/v2\/pages\/4676","targetHints":{"allow":["GET"]}}],"collection":[{"href":"https:\/\/futbolhoy.co\/index.php\/wp-json\/wp\/v2\/pages"}],"about":[{"href":"https:\/\/futbolhoy.co\/index.php\/wp-json\/wp\/v2\/types\/page"}],"author":[{"embeddable":true,"href":"https:\/\/futbolhoy.co\/index.php\/wp-json\/wp\/v2\/users\/1"}],"replies":[{"embeddable":true,"href":"https:\/\/futbolhoy.co\/index.php\/wp-json\/wp\/v2\/comments?post=4676"}],"version-history":[{"count":0,"href":"https:\/\/futbolhoy.co\/index.php\/wp-json\/wp\/v2\/pages\/4676\/revisions"}],"wp:featuredmedia":[{"embeddable":true,"href":"https:\/\/futbolhoy.co\/index.php\/wp-json\/wp\/v2\/media\/4673"}],"wp:attachment":[{"href":"https:\/\/futbolhoy.co\/index.php\/wp-json\/wp\/v2\/media?parent=4676"}],"curies":[{"name":"wp","href":"https:\/\/api.w.org\/{rel}","templated":true}]}}